{"id":28,"date":"2021-05-21T10:58:01","date_gmt":"2021-05-21T08:58:01","guid":{"rendered":"https:\/\/www.cuoioditoscana.it\/my-account\/"},"modified":"2021-05-21T10:58:01","modified_gmt":"2021-05-21T08:58:01","slug":"my-account","status":"publish","type":"page","link":"https:\/\/www.cuoioditoscana.it\/en\/my-account\/","title":{"rendered":"My Account"},"content":{"rendered":"<div class=\"woocommerce\"><div class=\"woocommerce-notices-wrapper\"><\/div><div class=\"container py-5\">\n<div class=\"u-columns col2-set\" id=\"customer_login\">\n\n\t<div class=\"u-column1\">\n\n\n\t\t<h2>Login<\/h2>\n\n\t\t<form class=\"woocommerce-form woocommerce-form-login login\" method=\"post\">\n\n\t\t\t\n\t\t\t<p class=\"woocommerce-form-row woocommerce-form-row--wide form-row form-row-wide\">\n\t\t\t\t<label for=\"username\">Username or email address&nbsp;<span class=\"required\">*<\/span><\/label>\n\t\t\t\t<input type=\"text\" class=\"woocommerce-Input woocommerce-Input--text input-text\" name=\"username\" id=\"username\" autocomplete=\"username\" value=\"\" \/>\t\t\t<\/p>\n\t\t\t<p class=\"woocommerce-form-row woocommerce-form-row--wide form-row form-row-wide\">\n\t\t\t\t<label for=\"password\">Password&nbsp;<span class=\"required\">*<\/span><\/label>\n\t\t\t\t<input class=\"woocommerce-Input woocommerce-Input--text input-text\" type=\"password\" name=\"password\" id=\"password\" autocomplete=\"current-password\" \/>\n\t\t\t<\/p>\n\n\t\t\t\n\t\t\t<p class=\"form-row\">\n\t\t\t\t<label class=\"woocommerce-form__label woocommerce-form__label-for-checkbox woocommerce-form-login__rememberme\">\n\t\t\t\t\t<input class=\"woocommerce-form__input woocommerce-form__input-checkbox\" name=\"rememberme\" type=\"checkbox\" id=\"rememberme\" value=\"forever\" \/> <span>Remember me<\/span>\n\t\t\t\t<\/label>\n\t\t\t\t<input type=\"hidden\" id=\"woocommerce-login-nonce\" name=\"woocommerce-login-nonce\" value=\"59240494a2\" \/><input type=\"hidden\" name=\"_wp_http_referer\" value=\"\/en\/wp-json\/wp\/v2\/pages\/28\" \/>\t\t\t\t<button type=\"submit\" class=\"woocommerce-button button woocommerce-form-login__submit\" name=\"login\" value=\"Log in\">Log in<\/button>\n\t\t\t<\/p>\n\t\t\t<p class=\"woocommerce-LostPassword lost_password\">\n\t\t\t\t<a href=\"https:\/\/www.cuoioditoscana.it\/en\/my-account\/lost-password\/\">Lost your password?<\/a>\n\t\t\t<\/p>\n\n\t\t\t\n\t\t<\/form>\n\n\n\t<\/div>\n\n\t<div class=\"u-column2\">\n\n\t\t<h2>Register<\/h2>\n\n\t\t<form method=\"post\" class=\"woocommerce-form woocommerce-form-register register\"  >\n\n\t\t\t\n\t\t\t\n\t\t\t<p class=\"woocommerce-form-row woocommerce-form-row--wide form-row form-row-wide\">\n\t\t\t\t<label for=\"reg_email\">Email address&nbsp;<span class=\"required\">*<\/span><\/label>\n\t\t\t\t<input type=\"email\" class=\"woocommerce-Input woocommerce-Input--text input-text\" name=\"email\" id=\"reg_email\" autocomplete=\"email\" value=\"\" \/>\t\t\t<\/p>\n\n\t\t\t\n\t\t\t\t<p class=\"woocommerce-form-row woocommerce-form-row--wide form-row form-row-wide\">\n\t\t\t\t\t<label for=\"reg_password\">Password&nbsp;<span class=\"required\">*<\/span><\/label>\n\t\t\t\t\t<input type=\"password\" class=\"woocommerce-Input woocommerce-Input--text input-text\" name=\"password\" id=\"reg_password\" autocomplete=\"new-password\" \/>\n\t\t\t\t<\/p>\n\n\t\t\t\n\t\t\t<wc-order-attribution-inputs><\/wc-order-attribution-inputs><div class=\"woocommerce-privacy-policy-text\"><p>I tuoi dati personali verranno utilizzati per supportare la tua esperienza su questo sito web, per gestire l'accesso al tuo account e per altri scopi descritti nella nostra <a href=\"https:\/\/www.cuoioditoscana.it\/privacy-policy\/\" class=\"woocommerce-privacy-policy-link\" target=\"_blank\">privacy policy<\/a>.<\/p>\n<\/div>\n\t\t\t<p class=\"woocommerce-form-row form-row\">\n\t\t\t\t<input type=\"hidden\" id=\"woocommerce-register-nonce\" name=\"woocommerce-register-nonce\" value=\"c8cad822c4\" \/><input type=\"hidden\" name=\"_wp_http_referer\" value=\"\/en\/wp-json\/wp\/v2\/pages\/28\" \/>\t\t\t\t<button type=\"submit\" class=\"woocommerce-Button woocommerce-button button woocommerce-form-register__submit\" name=\"register\" value=\"Register\">Register<\/button>\n\t\t\t<\/p>\n\n\t\t\t\n\t\t<\/form>\n\n\t<\/div>\n\n<\/div>\n\n<div class=\"clear\"><\/div><\/div><\/div>","protected":false},"excerpt":{"rendered":"","protected":false},"author":1,"featured_media":0,"parent":0,"menu_order":0,"comment_status":"closed","ping_status":"closed","template":"","meta":{"_acf_changed":false,"footnotes":""},"class_list":["post-28","page","type-page","status-publish","hentry"],"acf":[],"yoast_head":"<!-- This site is optimized with the Yoast SEO plugin v24.8.1 - https:\/\/yoast.com\/wordpress\/plugins\/seo\/ -->\n<title>My Account - Cuoio di Toscana<\/title>\n<meta name=\"description\" content=\"Cuoio di Toscana - Naturalit\u00e0, artigianalit\u00e0, fedelt\u00e0 alle nostre radici e innovazione\" \/>\n<meta name=\"robots\" content=\"index, follow, max-snippet:-1, max-image-preview:large, max-video-preview:-1\" \/>\n<link rel=\"canonical\" href=\"https:\/\/www.cuoioditoscana.it\/en\/my-account\/\" \/>\n<meta property=\"og:locale\" content=\"en_US\" \/>\n<meta property=\"og:type\" content=\"article\" \/>\n<meta property=\"og:title\" content=\"My Account - Cuoio di Toscana\" \/>\n<meta property=\"og:description\" content=\"Cuoio di Toscana - Naturalit\u00e0, artigianalit\u00e0, fedelt\u00e0 alle nostre radici e innovazione\" \/>\n<meta property=\"og:url\" content=\"https:\/\/www.cuoioditoscana.it\/en\/my-account\/\" \/>\n<meta property=\"og:site_name\" content=\"Cuoio di Toscana\" \/>\n<meta name=\"twitter:card\" content=\"summary_large_image\" \/>\n<script type=\"application\/ld+json\" class=\"yoast-schema-graph\">{\"@context\":\"https:\/\/schema.org\",\"@graph\":[{\"@type\":\"WebPage\",\"@id\":\"https:\/\/www.cuoioditoscana.it\/en\/my-account\/\",\"url\":\"https:\/\/www.cuoioditoscana.it\/en\/my-account\/\",\"name\":\"My Account - Cuoio di Toscana\",\"isPartOf\":{\"@id\":\"https:\/\/www.cuoioditoscana.it\/#website\"},\"datePublished\":\"2021-05-21T08:58:01+00:00\",\"description\":\"Cuoio di Toscana - Naturalit\u00e0, artigianalit\u00e0, fedelt\u00e0 alle nostre radici e innovazione\",\"breadcrumb\":{\"@id\":\"https:\/\/www.cuoioditoscana.it\/en\/my-account\/#breadcrumb\"},\"inLanguage\":\"en-US\",\"potentialAction\":[{\"@type\":\"ReadAction\",\"target\":[\"https:\/\/www.cuoioditoscana.it\/en\/my-account\/\"]}]},{\"@type\":\"BreadcrumbList\",\"@id\":\"https:\/\/www.cuoioditoscana.it\/en\/my-account\/#breadcrumb\",\"itemListElement\":[{\"@type\":\"ListItem\",\"position\":1,\"name\":\"Home\",\"item\":\"https:\/\/www.cuoioditoscana.it\/en\/\"},{\"@type\":\"ListItem\",\"position\":2,\"name\":\"My Account\"}]},{\"@type\":\"WebSite\",\"@id\":\"https:\/\/www.cuoioditoscana.it\/#website\",\"url\":\"https:\/\/www.cuoioditoscana.it\/\",\"name\":\"Cuoio di Toscana\",\"description\":\"Cuoio di Toscana - Naturalit\u00e0, artigianalit\u00e0, fedelt\u00e0 alle nostre radici e innovazione\",\"publisher\":{\"@id\":\"https:\/\/www.cuoioditoscana.it\/#organization\"},\"potentialAction\":[{\"@type\":\"SearchAction\",\"target\":{\"@type\":\"EntryPoint\",\"urlTemplate\":\"https:\/\/www.cuoioditoscana.it\/?s={search_term_string}\"},\"query-input\":{\"@type\":\"PropertyValueSpecification\",\"valueRequired\":true,\"valueName\":\"search_term_string\"}}],\"inLanguage\":\"en-US\"},{\"@type\":\"Organization\",\"@id\":\"https:\/\/www.cuoioditoscana.it\/#organization\",\"name\":\"Cuoio di Toscana\",\"url\":\"https:\/\/www.cuoioditoscana.it\/\",\"logo\":{\"@type\":\"ImageObject\",\"inLanguage\":\"en-US\",\"@id\":\"https:\/\/www.cuoioditoscana.it\/#\/schema\/logo\/image\/\",\"url\":\"https:\/\/www.cuoioditoscana.it\/wp-content\/uploads\/2021\/05\/logo-1.png\",\"contentUrl\":\"https:\/\/www.cuoioditoscana.it\/wp-content\/uploads\/2021\/05\/logo-1.png\",\"width\":125,\"height\":143,\"caption\":\"Cuoio di Toscana\"},\"image\":{\"@id\":\"https:\/\/www.cuoioditoscana.it\/#\/schema\/logo\/image\/\"}}]}<\/script>\n<!-- \/ Yoast SEO plugin. -->","yoast_head_json":{"title":"My Account - Cuoio di Toscana","description":"Cuoio di Toscana - Naturalit\u00e0, artigianalit\u00e0, fedelt\u00e0 alle nostre radici e innovazione","robots":{"index":"index","follow":"follow","max-snippet":"max-snippet:-1","max-image-preview":"max-image-preview:large","max-video-preview":"max-video-preview:-1"},"canonical":"https:\/\/www.cuoioditoscana.it\/en\/my-account\/","og_locale":"en_US","og_type":"article","og_title":"My Account - Cuoio di Toscana","og_description":"Cuoio di Toscana - Naturalit\u00e0, artigianalit\u00e0, fedelt\u00e0 alle nostre radici e innovazione","og_url":"https:\/\/www.cuoioditoscana.it\/en\/my-account\/","og_site_name":"Cuoio di Toscana","twitter_card":"summary_large_image","schema":{"@context":"https:\/\/schema.org","@graph":[{"@type":"WebPage","@id":"https:\/\/www.cuoioditoscana.it\/en\/my-account\/","url":"https:\/\/www.cuoioditoscana.it\/en\/my-account\/","name":"My Account - Cuoio di Toscana","isPartOf":{"@id":"https:\/\/www.cuoioditoscana.it\/#website"},"datePublished":"2021-05-21T08:58:01+00:00","description":"Cuoio di Toscana - Naturalit\u00e0, artigianalit\u00e0, fedelt\u00e0 alle nostre radici e innovazione","breadcrumb":{"@id":"https:\/\/www.cuoioditoscana.it\/en\/my-account\/#breadcrumb"},"inLanguage":"en-US","potentialAction":[{"@type":"ReadAction","target":["https:\/\/www.cuoioditoscana.it\/en\/my-account\/"]}]},{"@type":"BreadcrumbList","@id":"https:\/\/www.cuoioditoscana.it\/en\/my-account\/#breadcrumb","itemListElement":[{"@type":"ListItem","position":1,"name":"Home","item":"https:\/\/www.cuoioditoscana.it\/en\/"},{"@type":"ListItem","position":2,"name":"My Account"}]},{"@type":"WebSite","@id":"https:\/\/www.cuoioditoscana.it\/#website","url":"https:\/\/www.cuoioditoscana.it\/","name":"Cuoio di Toscana","description":"Cuoio di Toscana - Naturalit\u00e0, artigianalit\u00e0, fedelt\u00e0 alle nostre radici e innovazione","publisher":{"@id":"https:\/\/www.cuoioditoscana.it\/#organization"},"potentialAction":[{"@type":"SearchAction","target":{"@type":"EntryPoint","urlTemplate":"https:\/\/www.cuoioditoscana.it\/?s={search_term_string}"},"query-input":{"@type":"PropertyValueSpecification","valueRequired":true,"valueName":"search_term_string"}}],"inLanguage":"en-US"},{"@type":"Organization","@id":"https:\/\/www.cuoioditoscana.it\/#organization","name":"Cuoio di Toscana","url":"https:\/\/www.cuoioditoscana.it\/","logo":{"@type":"ImageObject","inLanguage":"en-US","@id":"https:\/\/www.cuoioditoscana.it\/#\/schema\/logo\/image\/","url":"https:\/\/www.cuoioditoscana.it\/wp-content\/uploads\/2021\/05\/logo-1.png","contentUrl":"https:\/\/www.cuoioditoscana.it\/wp-content\/uploads\/2021\/05\/logo-1.png","width":125,"height":143,"caption":"Cuoio di Toscana"},"image":{"@id":"https:\/\/www.cuoioditoscana.it\/#\/schema\/logo\/image\/"}}]}},"_links":{"self":[{"href":"https:\/\/www.cuoioditoscana.it\/en\/wp-json\/wp\/v2\/pages\/28","targetHints":{"allow":["GET"]}}],"collection":[{"href":"https:\/\/www.cuoioditoscana.it\/en\/wp-json\/wp\/v2\/pages"}],"about":[{"href":"https:\/\/www.cuoioditoscana.it\/en\/wp-json\/wp\/v2\/types\/page"}],"author":[{"embeddable":true,"href":"https:\/\/www.cuoioditoscana.it\/en\/wp-json\/wp\/v2\/users\/1"}],"replies":[{"embeddable":true,"href":"https:\/\/www.cuoioditoscana.it\/en\/wp-json\/wp\/v2\/comments?post=28"}],"version-history":[{"count":0,"href":"https:\/\/www.cuoioditoscana.it\/en\/wp-json\/wp\/v2\/pages\/28\/revisions"}],"wp:attachment":[{"href":"https:\/\/www.cuoioditoscana.it\/en\/wp-json\/wp\/v2\/media?parent=28"}],"curies":[{"name":"wp","href":"https:\/\/api.w.org\/{rel}","templated":true}]}}