{"id":1434,"date":"2021-12-13T12:08:37","date_gmt":"2021-12-13T11:08:50","guid":{"rendered":"https:\/\/www.cuoioditoscana.it\/prodotto\/mina-t2021005_en\/"},"modified":"2021-12-13T12:10:30","modified_gmt":"2021-12-13T11:10:30","slug":"mina-t2021005_en","status":"publish","type":"product","link":"https:\/\/www.cuoioditoscana.it\/en\/product\/mina-t2021005_en\/","title":{"rendered":"MINA"},"content":{"rendered":"<p>Riding boot model. Tube-shaped leg. Sole and insole by Cuoio di Toscana.<\/p>\n","protected":false},"excerpt":{"rendered":"<p>Riding boot model, totally handcrafted by master craftsmen Cuoio di Toscana <\/p>\n","protected":false},"featured_media":3247,"template":"","meta":{"_acf_changed":false},"product_brand":[],"product_cat":[224],"product_tag":[211],"pa_accessory-color":[],"pa_shoe-color":[199],"class_list":{"0":"post-1434","1":"product","2":"type-product","3":"status-publish","4":"has-post-thumbnail","6":"product_cat-riding-boot-en","7":"product_tag-twenty21-en","9":"first","10":"instock","11":"shipping-taxable","12":"purchasable","13":"product-type-variable"},"acf":[],"yoast_head":"<!-- This site is optimized with the Yoast SEO plugin v24.8.1 - https:\/\/yoast.com\/wordpress\/plugins\/seo\/ -->\n<title>MINA - Cuoio di Toscana<\/title>\n<meta name=\"description\" content=\"Cuoio di Toscana - MINA\" \/>\n<meta name=\"robots\" content=\"index, follow, max-snippet:-1, max-image-preview:large, max-video-preview:-1\" \/>\n<link rel=\"canonical\" href=\"https:\/\/www.cuoioditoscana.it\/en\/product\/mina-t2021005_en\/\" \/>\n<meta property=\"og:locale\" content=\"en_US\" \/>\n<meta property=\"og:type\" content=\"article\" \/>\n<meta property=\"og:title\" content=\"MINA - Cuoio di Toscana\" \/>\n<meta property=\"og:description\" content=\"Cuoio di Toscana - MINA\" \/>\n<meta property=\"og:url\" content=\"https:\/\/www.cuoioditoscana.it\/en\/product\/mina-t2021005_en\/\" \/>\n<meta property=\"og:site_name\" content=\"Cuoio di Toscana\" \/>\n<meta property=\"article:modified_time\" content=\"2021-12-13T11:10:30+00:00\" \/>\n<meta property=\"og:image\" content=\"https:\/\/www.cuoioditoscana.it\/wp-content\/uploads\/2022\/03\/Cuoio20di20Toscana20_20Twenty2120collection20_20mod.MINA20201-2.jpg\" \/>\n\t<meta property=\"og:image:width\" content=\"1000\" \/>\n\t<meta property=\"og:image:height\" content=\"1000\" \/>\n\t<meta property=\"og:image:type\" content=\"image\/jpeg\" \/>\n<meta name=\"twitter:card\" content=\"summary_large_image\" \/>\n<script type=\"application\/ld+json\" class=\"yoast-schema-graph\">{\"@context\":\"https:\/\/schema.org\",\"@graph\":[{\"@type\":\"WebPage\",\"@id\":\"https:\/\/www.cuoioditoscana.it\/en\/product\/mina-t2021005_en\/\",\"url\":\"https:\/\/www.cuoioditoscana.it\/en\/product\/mina-t2021005_en\/\",\"name\":\"MINA - Cuoio di Toscana\",\"isPartOf\":{\"@id\":\"https:\/\/www.cuoioditoscana.it\/#website\"},\"primaryImageOfPage\":{\"@id\":\"https:\/\/www.cuoioditoscana.it\/en\/product\/mina-t2021005_en\/#primaryimage\"},\"image\":{\"@id\":\"https:\/\/www.cuoioditoscana.it\/en\/product\/mina-t2021005_en\/#primaryimage\"},\"thumbnailUrl\":\"https:\/\/www.cuoioditoscana.it\/wp-content\/uploads\/2022\/03\/Cuoio20di20Toscana20_20Twenty2120collection20_20mod.MINA20201-2.jpg\",\"datePublished\":\"2021-12-13T11:08:50+00:00\",\"dateModified\":\"2021-12-13T11:10:30+00:00\",\"description\":\"Cuoio di Toscana - MINA\",\"breadcrumb\":{\"@id\":\"https:\/\/www.cuoioditoscana.it\/en\/product\/mina-t2021005_en\/#breadcrumb\"},\"inLanguage\":\"en-US\",\"potentialAction\":[{\"@type\":\"ReadAction\",\"target\":[\"https:\/\/www.cuoioditoscana.it\/en\/product\/mina-t2021005_en\/\"]}]},{\"@type\":\"ImageObject\",\"inLanguage\":\"en-US\",\"@id\":\"https:\/\/www.cuoioditoscana.it\/en\/product\/mina-t2021005_en\/#primaryimage\",\"url\":\"https:\/\/www.cuoioditoscana.it\/wp-content\/uploads\/2022\/03\/Cuoio20di20Toscana20_20Twenty2120collection20_20mod.MINA20201-2.jpg\",\"contentUrl\":\"https:\/\/www.cuoioditoscana.it\/wp-content\/uploads\/2022\/03\/Cuoio20di20Toscana20_20Twenty2120collection20_20mod.MINA20201-2.jpg\",\"width\":1000,\"height\":1000},{\"@type\":\"BreadcrumbList\",\"@id\":\"https:\/\/www.cuoioditoscana.it\/en\/product\/mina-t2021005_en\/#breadcrumb\",\"itemListElement\":[{\"@type\":\"ListItem\",\"position\":1,\"name\":\"Home\",\"item\":\"https:\/\/www.cuoioditoscana.it\/en\/\"},{\"@type\":\"ListItem\",\"position\":2,\"name\":\"Shop\",\"item\":\"https:\/\/www.cuoioditoscana.it\/en\/shop\/\"},{\"@type\":\"ListItem\",\"position\":3,\"name\":\"MINA\"}]},{\"@type\":\"WebSite\",\"@id\":\"https:\/\/www.cuoioditoscana.it\/#website\",\"url\":\"https:\/\/www.cuoioditoscana.it\/\",\"name\":\"Cuoio di Toscana\",\"description\":\"Cuoio di Toscana - Naturalit\u00e0, artigianalit\u00e0, fedelt\u00e0 alle nostre radici e innovazione\",\"publisher\":{\"@id\":\"https:\/\/www.cuoioditoscana.it\/#organization\"},\"potentialAction\":[{\"@type\":\"SearchAction\",\"target\":{\"@type\":\"EntryPoint\",\"urlTemplate\":\"https:\/\/www.cuoioditoscana.it\/?s={search_term_string}\"},\"query-input\":{\"@type\":\"PropertyValueSpecification\",\"valueRequired\":true,\"valueName\":\"search_term_string\"}}],\"inLanguage\":\"en-US\"},{\"@type\":\"Organization\",\"@id\":\"https:\/\/www.cuoioditoscana.it\/#organization\",\"name\":\"Cuoio di Toscana\",\"url\":\"https:\/\/www.cuoioditoscana.it\/\",\"logo\":{\"@type\":\"ImageObject\",\"inLanguage\":\"en-US\",\"@id\":\"https:\/\/www.cuoioditoscana.it\/#\/schema\/logo\/image\/\",\"url\":\"https:\/\/www.cuoioditoscana.it\/wp-content\/uploads\/2021\/05\/logo-1.png\",\"contentUrl\":\"https:\/\/www.cuoioditoscana.it\/wp-content\/uploads\/2021\/05\/logo-1.png\",\"width\":125,\"height\":143,\"caption\":\"Cuoio di Toscana\"},\"image\":{\"@id\":\"https:\/\/www.cuoioditoscana.it\/#\/schema\/logo\/image\/\"}}]}<\/script>\n<!-- \/ Yoast SEO plugin. -->","yoast_head_json":{"title":"MINA - Cuoio di Toscana","description":"Cuoio di Toscana - MINA","robots":{"index":"index","follow":"follow","max-snippet":"max-snippet:-1","max-image-preview":"max-image-preview:large","max-video-preview":"max-video-preview:-1"},"canonical":"https:\/\/www.cuoioditoscana.it\/en\/product\/mina-t2021005_en\/","og_locale":"en_US","og_type":"article","og_title":"MINA - Cuoio di Toscana","og_description":"Cuoio di Toscana - MINA","og_url":"https:\/\/www.cuoioditoscana.it\/en\/product\/mina-t2021005_en\/","og_site_name":"Cuoio di Toscana","article_modified_time":"2021-12-13T11:10:30+00:00","og_image":[{"width":1000,"height":1000,"url":"https:\/\/www.cuoioditoscana.it\/wp-content\/uploads\/2022\/03\/Cuoio20di20Toscana20_20Twenty2120collection20_20mod.MINA20201-2.jpg","type":"image\/jpeg"}],"twitter_card":"summary_large_image","schema":{"@context":"https:\/\/schema.org","@graph":[{"@type":"WebPage","@id":"https:\/\/www.cuoioditoscana.it\/en\/product\/mina-t2021005_en\/","url":"https:\/\/www.cuoioditoscana.it\/en\/product\/mina-t2021005_en\/","name":"MINA - Cuoio di Toscana","isPartOf":{"@id":"https:\/\/www.cuoioditoscana.it\/#website"},"primaryImageOfPage":{"@id":"https:\/\/www.cuoioditoscana.it\/en\/product\/mina-t2021005_en\/#primaryimage"},"image":{"@id":"https:\/\/www.cuoioditoscana.it\/en\/product\/mina-t2021005_en\/#primaryimage"},"thumbnailUrl":"https:\/\/www.cuoioditoscana.it\/wp-content\/uploads\/2022\/03\/Cuoio20di20Toscana20_20Twenty2120collection20_20mod.MINA20201-2.jpg","datePublished":"2021-12-13T11:08:50+00:00","dateModified":"2021-12-13T11:10:30+00:00","description":"Cuoio di Toscana - MINA","breadcrumb":{"@id":"https:\/\/www.cuoioditoscana.it\/en\/product\/mina-t2021005_en\/#breadcrumb"},"inLanguage":"en-US","potentialAction":[{"@type":"ReadAction","target":["https:\/\/www.cuoioditoscana.it\/en\/product\/mina-t2021005_en\/"]}]},{"@type":"ImageObject","inLanguage":"en-US","@id":"https:\/\/www.cuoioditoscana.it\/en\/product\/mina-t2021005_en\/#primaryimage","url":"https:\/\/www.cuoioditoscana.it\/wp-content\/uploads\/2022\/03\/Cuoio20di20Toscana20_20Twenty2120collection20_20mod.MINA20201-2.jpg","contentUrl":"https:\/\/www.cuoioditoscana.it\/wp-content\/uploads\/2022\/03\/Cuoio20di20Toscana20_20Twenty2120collection20_20mod.MINA20201-2.jpg","width":1000,"height":1000},{"@type":"BreadcrumbList","@id":"https:\/\/www.cuoioditoscana.it\/en\/product\/mina-t2021005_en\/#breadcrumb","itemListElement":[{"@type":"ListItem","position":1,"name":"Home","item":"https:\/\/www.cuoioditoscana.it\/en\/"},{"@type":"ListItem","position":2,"name":"Shop","item":"https:\/\/www.cuoioditoscana.it\/en\/shop\/"},{"@type":"ListItem","position":3,"name":"MINA"}]},{"@type":"WebSite","@id":"https:\/\/www.cuoioditoscana.it\/#website","url":"https:\/\/www.cuoioditoscana.it\/","name":"Cuoio di Toscana","description":"Cuoio di Toscana - Naturalit\u00e0, artigianalit\u00e0, fedelt\u00e0 alle nostre radici e innovazione","publisher":{"@id":"https:\/\/www.cuoioditoscana.it\/#organization"},"potentialAction":[{"@type":"SearchAction","target":{"@type":"EntryPoint","urlTemplate":"https:\/\/www.cuoioditoscana.it\/?s={search_term_string}"},"query-input":{"@type":"PropertyValueSpecification","valueRequired":true,"valueName":"search_term_string"}}],"inLanguage":"en-US"},{"@type":"Organization","@id":"https:\/\/www.cuoioditoscana.it\/#organization","name":"Cuoio di Toscana","url":"https:\/\/www.cuoioditoscana.it\/","logo":{"@type":"ImageObject","inLanguage":"en-US","@id":"https:\/\/www.cuoioditoscana.it\/#\/schema\/logo\/image\/","url":"https:\/\/www.cuoioditoscana.it\/wp-content\/uploads\/2021\/05\/logo-1.png","contentUrl":"https:\/\/www.cuoioditoscana.it\/wp-content\/uploads\/2021\/05\/logo-1.png","width":125,"height":143,"caption":"Cuoio di Toscana"},"image":{"@id":"https:\/\/www.cuoioditoscana.it\/#\/schema\/logo\/image\/"}}]}},"_links":{"self":[{"href":"https:\/\/www.cuoioditoscana.it\/en\/wp-json\/wp\/v2\/product\/1434","targetHints":{"allow":["GET"]}}],"collection":[{"href":"https:\/\/www.cuoioditoscana.it\/en\/wp-json\/wp\/v2\/product"}],"about":[{"href":"https:\/\/www.cuoioditoscana.it\/en\/wp-json\/wp\/v2\/types\/product"}],"wp:featuredmedia":[{"embeddable":true,"href":"https:\/\/www.cuoioditoscana.it\/en\/wp-json\/wp\/v2\/media\/3247"}],"wp:attachment":[{"href":"https:\/\/www.cuoioditoscana.it\/en\/wp-json\/wp\/v2\/media?parent=1434"}],"wp:term":[{"taxonomy":"product_brand","embeddable":true,"href":"https:\/\/www.cuoioditoscana.it\/en\/wp-json\/wp\/v2\/product_brand?post=1434"},{"taxonomy":"product_cat","embeddable":true,"href":"https:\/\/www.cuoioditoscana.it\/en\/wp-json\/wp\/v2\/product_cat?post=1434"},{"taxonomy":"product_tag","embeddable":true,"href":"https:\/\/www.cuoioditoscana.it\/en\/wp-json\/wp\/v2\/product_tag?post=1434"},{"taxonomy":"pa_accessory-color","embeddable":true,"href":"https:\/\/www.cuoioditoscana.it\/en\/wp-json\/wp\/v2\/pa_accessory-color?post=1434"},{"taxonomy":"pa_shoe-color","embeddable":true,"href":"https:\/\/www.cuoioditoscana.it\/en\/wp-json\/wp\/v2\/pa_shoe-color?post=1434"}],"curies":[{"name":"wp","href":"https:\/\/api.w.org\/{rel}","templated":true}]}}