{"id":3197,"date":"2022-03-16T18:03:08","date_gmt":"2022-03-16T17:03:09","guid":{"rendered":"https:\/\/www.cuoioditoscana.it\/prodotto\/tina-6-cdc010_en\/"},"modified":"2022-03-16T18:03:09","modified_gmt":"2022-03-16T17:03:09","slug":"tina-6-cdc010_en","status":"publish","type":"product","link":"https:\/\/www.cuoioditoscana.it\/en\/product\/tina-6-cdc010_en\/","title":{"rendered":"TINA 6"},"content":{"rendered":"<p>Tote bag, totally realized with hand-woven Cuoio di Toscana sole leather. Elegant finishing velvet effect. Provided with adjustable shoulder strap.<\/p>\n","protected":false},"excerpt":{"rendered":"<p>Tote bag with a precious velvet effect, totally hand-made by Cuoio di Toscana craftsmen.<\/p>\n","protected":false},"featured_media":3483,"template":"","meta":{"_acf_changed":false},"product_brand":[],"product_cat":[236],"product_tag":[212],"pa_accessory-color":[163],"pa_shoe-color":[],"class_list":{"0":"post-3197","1":"product","2":"type-product","3":"status-publish","4":"has-post-thumbnail","6":"product_cat-shoulder-bag-en","7":"product_tag-cdt-en","9":"first","10":"instock","11":"shipping-taxable","12":"purchasable","13":"product-type-simple"},"acf":[],"yoast_head":"<!-- This site is optimized with the Yoast SEO plugin v24.8.1 - https:\/\/yoast.com\/wordpress\/plugins\/seo\/ -->\n<title>TINA 6 - Cuoio di Toscana<\/title>\n<meta name=\"description\" content=\"Cuoio di Toscana - TINA 6\" \/>\n<meta name=\"robots\" content=\"index, follow, max-snippet:-1, max-image-preview:large, max-video-preview:-1\" \/>\n<link rel=\"canonical\" href=\"https:\/\/www.cuoioditoscana.it\/en\/product\/tina-6-cdc010_en\/\" \/>\n<meta property=\"og:locale\" content=\"en_US\" \/>\n<meta property=\"og:type\" content=\"article\" \/>\n<meta property=\"og:title\" content=\"TINA 6 - Cuoio di Toscana\" \/>\n<meta property=\"og:description\" content=\"Cuoio di Toscana - TINA 6\" \/>\n<meta property=\"og:url\" content=\"https:\/\/www.cuoioditoscana.it\/en\/product\/tina-6-cdc010_en\/\" \/>\n<meta property=\"og:site_name\" content=\"Cuoio di Toscana\" \/>\n<meta property=\"og:image\" content=\"https:\/\/www.cuoioditoscana.it\/wp-content\/uploads\/2022\/03\/Cuoio20di20Toscana_capsule20green20CDT_tote20bag2028-3-1024x683.jpg\" \/>\n\t<meta property=\"og:image:width\" content=\"1024\" \/>\n\t<meta property=\"og:image:height\" content=\"683\" \/>\n\t<meta property=\"og:image:type\" content=\"image\/jpeg\" \/>\n<meta name=\"twitter:card\" content=\"summary_large_image\" \/>\n<script type=\"application\/ld+json\" class=\"yoast-schema-graph\">{\"@context\":\"https:\/\/schema.org\",\"@graph\":[{\"@type\":\"WebPage\",\"@id\":\"https:\/\/www.cuoioditoscana.it\/en\/product\/tina-6-cdc010_en\/\",\"url\":\"https:\/\/www.cuoioditoscana.it\/en\/product\/tina-6-cdc010_en\/\",\"name\":\"TINA 6 - Cuoio di Toscana\",\"isPartOf\":{\"@id\":\"https:\/\/www.cuoioditoscana.it\/#website\"},\"primaryImageOfPage\":{\"@id\":\"https:\/\/www.cuoioditoscana.it\/en\/product\/tina-6-cdc010_en\/#primaryimage\"},\"image\":{\"@id\":\"https:\/\/www.cuoioditoscana.it\/en\/product\/tina-6-cdc010_en\/#primaryimage\"},\"thumbnailUrl\":\"https:\/\/www.cuoioditoscana.it\/wp-content\/uploads\/2022\/03\/Cuoio20di20Toscana_capsule20green20CDT_tote20bag2028-3.jpg\",\"datePublished\":\"2022-03-16T17:03:09+00:00\",\"description\":\"Cuoio di Toscana - TINA 6\",\"breadcrumb\":{\"@id\":\"https:\/\/www.cuoioditoscana.it\/en\/product\/tina-6-cdc010_en\/#breadcrumb\"},\"inLanguage\":\"en-US\",\"potentialAction\":[{\"@type\":\"ReadAction\",\"target\":[\"https:\/\/www.cuoioditoscana.it\/en\/product\/tina-6-cdc010_en\/\"]}]},{\"@type\":\"ImageObject\",\"inLanguage\":\"en-US\",\"@id\":\"https:\/\/www.cuoioditoscana.it\/en\/product\/tina-6-cdc010_en\/#primaryimage\",\"url\":\"https:\/\/www.cuoioditoscana.it\/wp-content\/uploads\/2022\/03\/Cuoio20di20Toscana_capsule20green20CDT_tote20bag2028-3.jpg\",\"contentUrl\":\"https:\/\/www.cuoioditoscana.it\/wp-content\/uploads\/2022\/03\/Cuoio20di20Toscana_capsule20green20CDT_tote20bag2028-3.jpg\",\"width\":8688,\"height\":5792},{\"@type\":\"BreadcrumbList\",\"@id\":\"https:\/\/www.cuoioditoscana.it\/en\/product\/tina-6-cdc010_en\/#breadcrumb\",\"itemListElement\":[{\"@type\":\"ListItem\",\"position\":1,\"name\":\"Home\",\"item\":\"https:\/\/www.cuoioditoscana.it\/en\/\"},{\"@type\":\"ListItem\",\"position\":2,\"name\":\"Shop\",\"item\":\"https:\/\/www.cuoioditoscana.it\/en\/shop\/\"},{\"@type\":\"ListItem\",\"position\":3,\"name\":\"TINA 6\"}]},{\"@type\":\"WebSite\",\"@id\":\"https:\/\/www.cuoioditoscana.it\/#website\",\"url\":\"https:\/\/www.cuoioditoscana.it\/\",\"name\":\"Cuoio di Toscana\",\"description\":\"Cuoio di Toscana - Naturalit\u00e0, artigianalit\u00e0, fedelt\u00e0 alle nostre radici e innovazione\",\"publisher\":{\"@id\":\"https:\/\/www.cuoioditoscana.it\/#organization\"},\"potentialAction\":[{\"@type\":\"SearchAction\",\"target\":{\"@type\":\"EntryPoint\",\"urlTemplate\":\"https:\/\/www.cuoioditoscana.it\/?s={search_term_string}\"},\"query-input\":{\"@type\":\"PropertyValueSpecification\",\"valueRequired\":true,\"valueName\":\"search_term_string\"}}],\"inLanguage\":\"en-US\"},{\"@type\":\"Organization\",\"@id\":\"https:\/\/www.cuoioditoscana.it\/#organization\",\"name\":\"Cuoio di Toscana\",\"url\":\"https:\/\/www.cuoioditoscana.it\/\",\"logo\":{\"@type\":\"ImageObject\",\"inLanguage\":\"en-US\",\"@id\":\"https:\/\/www.cuoioditoscana.it\/#\/schema\/logo\/image\/\",\"url\":\"https:\/\/www.cuoioditoscana.it\/wp-content\/uploads\/2021\/05\/logo-1.png\",\"contentUrl\":\"https:\/\/www.cuoioditoscana.it\/wp-content\/uploads\/2021\/05\/logo-1.png\",\"width\":125,\"height\":143,\"caption\":\"Cuoio di Toscana\"},\"image\":{\"@id\":\"https:\/\/www.cuoioditoscana.it\/#\/schema\/logo\/image\/\"}}]}<\/script>\n<!-- \/ Yoast SEO plugin. -->","yoast_head_json":{"title":"TINA 6 - Cuoio di Toscana","description":"Cuoio di Toscana - TINA 6","robots":{"index":"index","follow":"follow","max-snippet":"max-snippet:-1","max-image-preview":"max-image-preview:large","max-video-preview":"max-video-preview:-1"},"canonical":"https:\/\/www.cuoioditoscana.it\/en\/product\/tina-6-cdc010_en\/","og_locale":"en_US","og_type":"article","og_title":"TINA 6 - Cuoio di Toscana","og_description":"Cuoio di Toscana - TINA 6","og_url":"https:\/\/www.cuoioditoscana.it\/en\/product\/tina-6-cdc010_en\/","og_site_name":"Cuoio di Toscana","og_image":[{"width":1024,"height":683,"url":"https:\/\/www.cuoioditoscana.it\/wp-content\/uploads\/2022\/03\/Cuoio20di20Toscana_capsule20green20CDT_tote20bag2028-3-1024x683.jpg","type":"image\/jpeg"}],"twitter_card":"summary_large_image","schema":{"@context":"https:\/\/schema.org","@graph":[{"@type":"WebPage","@id":"https:\/\/www.cuoioditoscana.it\/en\/product\/tina-6-cdc010_en\/","url":"https:\/\/www.cuoioditoscana.it\/en\/product\/tina-6-cdc010_en\/","name":"TINA 6 - Cuoio di Toscana","isPartOf":{"@id":"https:\/\/www.cuoioditoscana.it\/#website"},"primaryImageOfPage":{"@id":"https:\/\/www.cuoioditoscana.it\/en\/product\/tina-6-cdc010_en\/#primaryimage"},"image":{"@id":"https:\/\/www.cuoioditoscana.it\/en\/product\/tina-6-cdc010_en\/#primaryimage"},"thumbnailUrl":"https:\/\/www.cuoioditoscana.it\/wp-content\/uploads\/2022\/03\/Cuoio20di20Toscana_capsule20green20CDT_tote20bag2028-3.jpg","datePublished":"2022-03-16T17:03:09+00:00","description":"Cuoio di Toscana - TINA 6","breadcrumb":{"@id":"https:\/\/www.cuoioditoscana.it\/en\/product\/tina-6-cdc010_en\/#breadcrumb"},"inLanguage":"en-US","potentialAction":[{"@type":"ReadAction","target":["https:\/\/www.cuoioditoscana.it\/en\/product\/tina-6-cdc010_en\/"]}]},{"@type":"ImageObject","inLanguage":"en-US","@id":"https:\/\/www.cuoioditoscana.it\/en\/product\/tina-6-cdc010_en\/#primaryimage","url":"https:\/\/www.cuoioditoscana.it\/wp-content\/uploads\/2022\/03\/Cuoio20di20Toscana_capsule20green20CDT_tote20bag2028-3.jpg","contentUrl":"https:\/\/www.cuoioditoscana.it\/wp-content\/uploads\/2022\/03\/Cuoio20di20Toscana_capsule20green20CDT_tote20bag2028-3.jpg","width":8688,"height":5792},{"@type":"BreadcrumbList","@id":"https:\/\/www.cuoioditoscana.it\/en\/product\/tina-6-cdc010_en\/#breadcrumb","itemListElement":[{"@type":"ListItem","position":1,"name":"Home","item":"https:\/\/www.cuoioditoscana.it\/en\/"},{"@type":"ListItem","position":2,"name":"Shop","item":"https:\/\/www.cuoioditoscana.it\/en\/shop\/"},{"@type":"ListItem","position":3,"name":"TINA 6"}]},{"@type":"WebSite","@id":"https:\/\/www.cuoioditoscana.it\/#website","url":"https:\/\/www.cuoioditoscana.it\/","name":"Cuoio di Toscana","description":"Cuoio di Toscana - Naturalit\u00e0, artigianalit\u00e0, fedelt\u00e0 alle nostre radici e innovazione","publisher":{"@id":"https:\/\/www.cuoioditoscana.it\/#organization"},"potentialAction":[{"@type":"SearchAction","target":{"@type":"EntryPoint","urlTemplate":"https:\/\/www.cuoioditoscana.it\/?s={search_term_string}"},"query-input":{"@type":"PropertyValueSpecification","valueRequired":true,"valueName":"search_term_string"}}],"inLanguage":"en-US"},{"@type":"Organization","@id":"https:\/\/www.cuoioditoscana.it\/#organization","name":"Cuoio di Toscana","url":"https:\/\/www.cuoioditoscana.it\/","logo":{"@type":"ImageObject","inLanguage":"en-US","@id":"https:\/\/www.cuoioditoscana.it\/#\/schema\/logo\/image\/","url":"https:\/\/www.cuoioditoscana.it\/wp-content\/uploads\/2021\/05\/logo-1.png","contentUrl":"https:\/\/www.cuoioditoscana.it\/wp-content\/uploads\/2021\/05\/logo-1.png","width":125,"height":143,"caption":"Cuoio di Toscana"},"image":{"@id":"https:\/\/www.cuoioditoscana.it\/#\/schema\/logo\/image\/"}}]}},"_links":{"self":[{"href":"https:\/\/www.cuoioditoscana.it\/en\/wp-json\/wp\/v2\/product\/3197","targetHints":{"allow":["GET"]}}],"collection":[{"href":"https:\/\/www.cuoioditoscana.it\/en\/wp-json\/wp\/v2\/product"}],"about":[{"href":"https:\/\/www.cuoioditoscana.it\/en\/wp-json\/wp\/v2\/types\/product"}],"wp:featuredmedia":[{"embeddable":true,"href":"https:\/\/www.cuoioditoscana.it\/en\/wp-json\/wp\/v2\/media\/3483"}],"wp:attachment":[{"href":"https:\/\/www.cuoioditoscana.it\/en\/wp-json\/wp\/v2\/media?parent=3197"}],"wp:term":[{"taxonomy":"product_brand","embeddable":true,"href":"https:\/\/www.cuoioditoscana.it\/en\/wp-json\/wp\/v2\/product_brand?post=3197"},{"taxonomy":"product_cat","embeddable":true,"href":"https:\/\/www.cuoioditoscana.it\/en\/wp-json\/wp\/v2\/product_cat?post=3197"},{"taxonomy":"product_tag","embeddable":true,"href":"https:\/\/www.cuoioditoscana.it\/en\/wp-json\/wp\/v2\/product_tag?post=3197"},{"taxonomy":"pa_accessory-color","embeddable":true,"href":"https:\/\/www.cuoioditoscana.it\/en\/wp-json\/wp\/v2\/pa_accessory-color?post=3197"},{"taxonomy":"pa_shoe-color","embeddable":true,"href":"https:\/\/www.cuoioditoscana.it\/en\/wp-json\/wp\/v2\/pa_shoe-color?post=3197"}],"curies":[{"name":"wp","href":"https:\/\/api.w.org\/{rel}","templated":true}]}}